{"id":68,"date":"2012-12-07T14:18:00","date_gmt":"2012-12-07T13:18:00","guid":{"rendered":"http:\/\/ilnostrano.ch\/?page_id=68"},"modified":"2019-01-25T17:10:24","modified_gmt":"2019-01-25T16:10:24","slug":"kontakt","status":"publish","type":"page","link":"https:\/\/ilnostrano.ch\/de\/kontakt\/","title":{"rendered":"Kontakt"},"content":{"rendered":"<p>Besuchen Sie uns mal: Um nach der kr\u00e4ftezehrenden Durchquerung des Gotthardtunnels frische Bergluft zu schnuppern oder um im gastfreundlichen Airolo einzukehren. Das italienischsprachige Dorf hat mehr Ristoranti und Caf\u00e8-Bar als Einwohner und bietet gute, regionale K\u00fcche.<\/p>\n<p>Wer im Sommer annreist, findet unseren K\u00e4sestand am Gotthardpass, 5 Fussminuten entfernt von der neu er\u00f6ffneten Themenwelt \u2019Sasso San Gottardo\u2018. Unverzichtbar f\u00fcr das Picknick im Berg, ein St\u00fcck Alpk\u00e4se und ein Paar Salametti. Buon appetito!<\/p>\n<p><strong>IL NOSTRANO<\/strong><br \/>\nVia San Gottardo 58<br \/>\nCH-6780 Airolo<\/p>\n<p><strong>Telefon _\u00a0Fax<\/strong><br \/>\n+41 (0)91\u2009869\u200913\u200932<\/p>\n<p><strong>E-Mail<\/strong><br \/>\n<a href=\"mailto:info@ilnostrano.ch\">info@ilnostrano.ch<\/a><\/p>\n<p><strong>\u00d6ffnungszeiten<\/strong><br \/>\nDi\u2013Fr (Montag geschlossen)<br \/>\n8:00\u201312:00, 14:30\u201318:30<\/p>\n<p>Sa<br \/>\n8:00\u201312:00, 13:30\u201317:00<\/p>\n","protected":false},"excerpt":{"rendered":"<p>Besuchen Sie uns mal: Um nach der kr\u00e4ftezehrenden Durchquerung des Gotthardtunnels frische Bergluft zu schnuppern oder um im gastfreundlichen Airolo einzukehren. Das italienischsprachige Dorf hat mehr Ristoranti und Caf\u00e8-Bar als Einwohner und bietet gute, regionale K\u00fcche. Wer im Sommer annreist, findet unseren K\u00e4sestand am Gotthardpass, 5 Fussminuten entfernt von der neu er\u00f6ffneten Themenwelt \u2019Sasso San [&hellip;]<\/p>\n","protected":false},"author":1,"featured_media":0,"parent":0,"menu_order":0,"comment_status":"open","ping_status":"open","template":"","meta":{"footnotes":""},"acf":[],"yoast_head":"<!-- This site is optimized with the Yoast SEO plugin v21.8 - https:\/\/yoast.com\/wordpress\/plugins\/seo\/ -->\n<title>Wo finden Sie uns? - Il Nostrano<\/title>\n<meta name=\"description\" content=\"Wo Sie uns finden: Il Nostrano, Via San Gottardo 58, 6780 Airolo, K\u00e4severkauf am Gotthardpass, \u00d6ffnungszeiten: Di\u2013Fr 8:00\u201312:00, 14:30\u201318:30, Sa 8:00\u201312:00, 13:30\u201317:00, Montag geschlossen\" \/>\n<meta name=\"robots\" content=\"index, follow, max-snippet:-1, max-image-preview:large, max-video-preview:-1\" \/>\n<link rel=\"canonical\" href=\"https:\/\/ilnostrano.ch\/de\/kontakt\/\" \/>\n<meta property=\"og:locale\" content=\"de_DE\" \/>\n<meta property=\"og:type\" content=\"article\" \/>\n<meta property=\"og:title\" content=\"Wo finden Sie uns? - Il Nostrano\" \/>\n<meta property=\"og:description\" content=\"Wo Sie uns finden: Il Nostrano, Via San Gottardo 58, 6780 Airolo, K\u00e4severkauf am Gotthardpass, \u00d6ffnungszeiten: Di\u2013Fr 8:00\u201312:00, 14:30\u201318:30, Sa 8:00\u201312:00, 13:30\u201317:00, Montag geschlossen\" \/>\n<meta property=\"og:url\" content=\"https:\/\/ilnostrano.ch\/de\/kontakt\/\" \/>\n<meta property=\"og:site_name\" content=\"Il Nostrano\" \/>\n<meta property=\"article:modified_time\" content=\"2019-01-25T16:10:24+00:00\" \/>\n<meta name=\"twitter:card\" content=\"summary_large_image\" \/>\n<script type=\"application\/ld+json\" class=\"yoast-schema-graph\">{\"@context\":\"https:\/\/schema.org\",\"@graph\":[{\"@type\":\"WebPage\",\"@id\":\"https:\/\/ilnostrano.ch\/de\/kontakt\/\",\"url\":\"https:\/\/ilnostrano.ch\/de\/kontakt\/\",\"name\":\"Wo finden Sie uns? - Il Nostrano\",\"isPartOf\":{\"@id\":\"https:\/\/ilnostrano.ch\/de\/#website\"},\"datePublished\":\"2012-12-07T13:18:00+00:00\",\"dateModified\":\"2019-01-25T16:10:24+00:00\",\"description\":\"Wo Sie uns finden: Il Nostrano, Via San Gottardo 58, 6780 Airolo, K\u00e4severkauf am Gotthardpass, \u00d6ffnungszeiten: Di\u2013Fr 8:00\u201312:00, 14:30\u201318:30, Sa 8:00\u201312:00, 13:30\u201317:00, Montag geschlossen\",\"breadcrumb\":{\"@id\":\"https:\/\/ilnostrano.ch\/de\/kontakt\/#breadcrumb\"},\"inLanguage\":\"de\",\"potentialAction\":[{\"@type\":\"ReadAction\",\"target\":[\"https:\/\/ilnostrano.ch\/de\/kontakt\/\"]}]},{\"@type\":\"BreadcrumbList\",\"@id\":\"https:\/\/ilnostrano.ch\/de\/kontakt\/#breadcrumb\",\"itemListElement\":[{\"@type\":\"ListItem\",\"position\":1,\"name\":\"Home\",\"item\":\"https:\/\/ilnostrano.ch\/de\/\"},{\"@type\":\"ListItem\",\"position\":2,\"name\":\"Kontakt\"}]},{\"@type\":\"WebSite\",\"@id\":\"https:\/\/ilnostrano.ch\/de\/#website\",\"url\":\"https:\/\/ilnostrano.ch\/de\/\",\"name\":\"Il Nostrano\",\"description\":\"Produkte aus dem Tessin\",\"publisher\":{\"@id\":\"https:\/\/ilnostrano.ch\/de\/#organization\"},\"potentialAction\":[{\"@type\":\"SearchAction\",\"target\":{\"@type\":\"EntryPoint\",\"urlTemplate\":\"https:\/\/ilnostrano.ch\/de\/?s={search_term_string}\"},\"query-input\":\"required name=search_term_string\"}],\"inLanguage\":\"de\"},{\"@type\":\"Organization\",\"@id\":\"https:\/\/ilnostrano.ch\/de\/#organization\",\"name\":\"Il Nostrano\",\"url\":\"https:\/\/ilnostrano.ch\/de\/\",\"logo\":{\"@type\":\"ImageObject\",\"inLanguage\":\"de\",\"@id\":\"https:\/\/ilnostrano.ch\/de\/#\/schema\/logo\/image\/\",\"url\":\"https:\/\/ilnostrano.ch\/wp-content\/uploads\/Il_Nostrano_logo_n2.png\",\"contentUrl\":\"https:\/\/ilnostrano.ch\/wp-content\/uploads\/Il_Nostrano_logo_n2.png\",\"width\":284,\"height\":198,\"caption\":\"Il Nostrano\"},\"image\":{\"@id\":\"https:\/\/ilnostrano.ch\/de\/#\/schema\/logo\/image\/\"}}]}<\/script>\n<!-- \/ Yoast SEO plugin. -->","yoast_head_json":{"title":"Wo finden Sie uns? - Il Nostrano","description":"Wo Sie uns finden: Il Nostrano, Via San Gottardo 58, 6780 Airolo, K\u00e4severkauf am Gotthardpass, \u00d6ffnungszeiten: Di\u2013Fr 8:00\u201312:00, 14:30\u201318:30, Sa 8:00\u201312:00, 13:30\u201317:00, Montag geschlossen","robots":{"index":"index","follow":"follow","max-snippet":"max-snippet:-1","max-image-preview":"max-image-preview:large","max-video-preview":"max-video-preview:-1"},"canonical":"https:\/\/ilnostrano.ch\/de\/kontakt\/","og_locale":"de_DE","og_type":"article","og_title":"Wo finden Sie uns? - Il Nostrano","og_description":"Wo Sie uns finden: Il Nostrano, Via San Gottardo 58, 6780 Airolo, K\u00e4severkauf am Gotthardpass, \u00d6ffnungszeiten: Di\u2013Fr 8:00\u201312:00, 14:30\u201318:30, Sa 8:00\u201312:00, 13:30\u201317:00, Montag geschlossen","og_url":"https:\/\/ilnostrano.ch\/de\/kontakt\/","og_site_name":"Il Nostrano","article_modified_time":"2019-01-25T16:10:24+00:00","twitter_card":"summary_large_image","schema":{"@context":"https:\/\/schema.org","@graph":[{"@type":"WebPage","@id":"https:\/\/ilnostrano.ch\/de\/kontakt\/","url":"https:\/\/ilnostrano.ch\/de\/kontakt\/","name":"Wo finden Sie uns? - Il Nostrano","isPartOf":{"@id":"https:\/\/ilnostrano.ch\/de\/#website"},"datePublished":"2012-12-07T13:18:00+00:00","dateModified":"2019-01-25T16:10:24+00:00","description":"Wo Sie uns finden: Il Nostrano, Via San Gottardo 58, 6780 Airolo, K\u00e4severkauf am Gotthardpass, \u00d6ffnungszeiten: Di\u2013Fr 8:00\u201312:00, 14:30\u201318:30, Sa 8:00\u201312:00, 13:30\u201317:00, Montag geschlossen","breadcrumb":{"@id":"https:\/\/ilnostrano.ch\/de\/kontakt\/#breadcrumb"},"inLanguage":"de","potentialAction":[{"@type":"ReadAction","target":["https:\/\/ilnostrano.ch\/de\/kontakt\/"]}]},{"@type":"BreadcrumbList","@id":"https:\/\/ilnostrano.ch\/de\/kontakt\/#breadcrumb","itemListElement":[{"@type":"ListItem","position":1,"name":"Home","item":"https:\/\/ilnostrano.ch\/de\/"},{"@type":"ListItem","position":2,"name":"Kontakt"}]},{"@type":"WebSite","@id":"https:\/\/ilnostrano.ch\/de\/#website","url":"https:\/\/ilnostrano.ch\/de\/","name":"Il Nostrano","description":"Produkte aus dem Tessin","publisher":{"@id":"https:\/\/ilnostrano.ch\/de\/#organization"},"potentialAction":[{"@type":"SearchAction","target":{"@type":"EntryPoint","urlTemplate":"https:\/\/ilnostrano.ch\/de\/?s={search_term_string}"},"query-input":"required name=search_term_string"}],"inLanguage":"de"},{"@type":"Organization","@id":"https:\/\/ilnostrano.ch\/de\/#organization","name":"Il Nostrano","url":"https:\/\/ilnostrano.ch\/de\/","logo":{"@type":"ImageObject","inLanguage":"de","@id":"https:\/\/ilnostrano.ch\/de\/#\/schema\/logo\/image\/","url":"https:\/\/ilnostrano.ch\/wp-content\/uploads\/Il_Nostrano_logo_n2.png","contentUrl":"https:\/\/ilnostrano.ch\/wp-content\/uploads\/Il_Nostrano_logo_n2.png","width":284,"height":198,"caption":"Il Nostrano"},"image":{"@id":"https:\/\/ilnostrano.ch\/de\/#\/schema\/logo\/image\/"}}]}},"_links":{"self":[{"href":"https:\/\/ilnostrano.ch\/de\/wp-json\/wp\/v2\/pages\/68"}],"collection":[{"href":"https:\/\/ilnostrano.ch\/de\/wp-json\/wp\/v2\/pages"}],"about":[{"href":"https:\/\/ilnostrano.ch\/de\/wp-json\/wp\/v2\/types\/page"}],"author":[{"embeddable":true,"href":"https:\/\/ilnostrano.ch\/de\/wp-json\/wp\/v2\/users\/1"}],"replies":[{"embeddable":true,"href":"https:\/\/ilnostrano.ch\/de\/wp-json\/wp\/v2\/comments?post=68"}],"version-history":[{"count":0,"href":"https:\/\/ilnostrano.ch\/de\/wp-json\/wp\/v2\/pages\/68\/revisions"}],"wp:attachment":[{"href":"https:\/\/ilnostrano.ch\/de\/wp-json\/wp\/v2\/media?parent=68"}],"curies":[{"name":"wp","href":"https:\/\/api.w.org\/{rel}","templated":true}]}}