{"id":36,"date":"2018-11-27T11:48:31","date_gmt":"2018-11-27T10:48:31","guid":{"rendered":"http:\/\/mxajfmgl.preview.infomaniak.website\/?page_id=36"},"modified":"2023-03-06T17:09:36","modified_gmt":"2023-03-06T16:09:36","slug":"il-nostrano","status":"publish","type":"page","link":"https:\/\/ilnostrano.ch\/de\/","title":{"rendered":"Il Nostrano"},"content":{"rendered":"<h1>Milch macht stark, aber Milch alleine macht nicht gl\u00fccklich, zumal wenn es keine Alpmilch ist.<\/h1>\n<p>Das dachte sich der Landwirt und \u00c4lpler Angelo Lombardi, als er nach dem Alpabzug im Herbst 2009 die alte Latteria, italienisch f\u00fcr Molkerei, in Airolo \u00fcbernahm. Ein neues Konzept, ein neuer Anstrich und vor allem ein reichhaltigeres Sortiment sollte her.<\/p>\n<p><a class=\"button white\" href=\"https:\/\/ilnostrano.ch\/de\/kategorie\/kaese\/\">Zum Shop<\/a><\/p>\n","protected":false},"excerpt":{"rendered":"<p>Milch macht stark, aber Milch alleine macht nicht gl\u00fccklich, zumal wenn es keine Alpmilch ist. Das dachte sich der Landwirt und \u00c4lpler Angelo Lombardi, als er nach dem Alpabzug im Herbst 2009 die alte Latteria, italienisch f\u00fcr Molkerei, in Airolo \u00fcbernahm. Ein neues Konzept, ein neuer Anstrich und vor allem ein reichhaltigeres Sortiment sollte her. [&hellip;]<\/p>\n","protected":false},"author":1,"featured_media":29614,"parent":0,"menu_order":0,"comment_status":"closed","ping_status":"closed","template":"template-homepage.php","meta":{"footnotes":""},"acf":[],"yoast_head":"<!-- This site is optimized with the Yoast SEO plugin v21.8 - https:\/\/yoast.com\/wordpress\/plugins\/seo\/ -->\n<title>Il Nostrano - Il Nostrano<\/title>\n<meta name=\"robots\" content=\"index, follow, max-snippet:-1, max-image-preview:large, max-video-preview:-1\" \/>\n<link rel=\"canonical\" href=\"https:\/\/ilnostrano.ch\/de\/\" \/>\n<meta property=\"og:locale\" content=\"de_DE\" \/>\n<meta property=\"og:type\" content=\"article\" \/>\n<meta property=\"og:title\" content=\"Il Nostrano - Il Nostrano\" \/>\n<meta property=\"og:description\" content=\"Milch macht stark, aber Milch alleine macht nicht gl\u00fccklich, zumal wenn es keine Alpmilch ist. Das dachte sich der Landwirt und \u00c4lpler Angelo Lombardi, als er nach dem Alpabzug im Herbst 2009 die alte Latteria, italienisch f\u00fcr Molkerei, in Airolo \u00fcbernahm. Ein neues Konzept, ein neuer Anstrich und vor allem ein reichhaltigeres Sortiment sollte her. [&hellip;]\" \/>\n<meta property=\"og:url\" content=\"https:\/\/ilnostrano.ch\/de\/\" \/>\n<meta property=\"og:site_name\" content=\"Il Nostrano\" \/>\n<meta property=\"article:modified_time\" content=\"2023-03-06T16:09:36+00:00\" \/>\n<meta property=\"og:image\" content=\"https:\/\/ilnostrano.ch\/wp-content\/uploads\/IlNostrano_Angelo.jpg\" \/>\n\t<meta property=\"og:image:width\" content=\"1400\" \/>\n\t<meta property=\"og:image:height\" content=\"1377\" \/>\n\t<meta property=\"og:image:type\" content=\"image\/jpeg\" \/>\n<meta name=\"twitter:card\" content=\"summary_large_image\" \/>\n<script type=\"application\/ld+json\" class=\"yoast-schema-graph\">{\"@context\":\"https:\/\/schema.org\",\"@graph\":[{\"@type\":\"WebPage\",\"@id\":\"https:\/\/ilnostrano.ch\/de\/\",\"url\":\"https:\/\/ilnostrano.ch\/de\/\",\"name\":\"Il Nostrano - Il Nostrano\",\"isPartOf\":{\"@id\":\"https:\/\/ilnostrano.ch\/de\/#website\"},\"datePublished\":\"2018-11-27T10:48:31+00:00\",\"dateModified\":\"2023-03-06T16:09:36+00:00\",\"breadcrumb\":{\"@id\":\"https:\/\/ilnostrano.ch\/de\/#breadcrumb\"},\"inLanguage\":\"de\",\"potentialAction\":[{\"@type\":\"ReadAction\",\"target\":[\"https:\/\/ilnostrano.ch\/de\/\"]}]},{\"@type\":\"BreadcrumbList\",\"@id\":\"https:\/\/ilnostrano.ch\/de\/#breadcrumb\",\"itemListElement\":[{\"@type\":\"ListItem\",\"position\":1,\"name\":\"Home\",\"item\":\"https:\/\/ilnostrano.ch\/de\/\"},{\"@type\":\"ListItem\",\"position\":2,\"name\":\"Il Nostrano\"}]},{\"@type\":\"WebSite\",\"@id\":\"https:\/\/ilnostrano.ch\/de\/#website\",\"url\":\"https:\/\/ilnostrano.ch\/de\/\",\"name\":\"Il Nostrano\",\"description\":\"Produkte aus dem Tessin\",\"publisher\":{\"@id\":\"https:\/\/ilnostrano.ch\/de\/#organization\"},\"potentialAction\":[{\"@type\":\"SearchAction\",\"target\":{\"@type\":\"EntryPoint\",\"urlTemplate\":\"https:\/\/ilnostrano.ch\/de\/?s={search_term_string}\"},\"query-input\":\"required name=search_term_string\"}],\"inLanguage\":\"de\"},{\"@type\":\"Organization\",\"@id\":\"https:\/\/ilnostrano.ch\/de\/#organization\",\"name\":\"Il Nostrano\",\"url\":\"https:\/\/ilnostrano.ch\/de\/\",\"logo\":{\"@type\":\"ImageObject\",\"inLanguage\":\"de\",\"@id\":\"https:\/\/ilnostrano.ch\/de\/#\/schema\/logo\/image\/\",\"url\":\"https:\/\/ilnostrano.ch\/wp-content\/uploads\/Il_Nostrano_logo_n2.png\",\"contentUrl\":\"https:\/\/ilnostrano.ch\/wp-content\/uploads\/Il_Nostrano_logo_n2.png\",\"width\":284,\"height\":198,\"caption\":\"Il Nostrano\"},\"image\":{\"@id\":\"https:\/\/ilnostrano.ch\/de\/#\/schema\/logo\/image\/\"}}]}<\/script>\n<!-- \/ Yoast SEO plugin. -->","yoast_head_json":{"title":"Il Nostrano - Il Nostrano","robots":{"index":"index","follow":"follow","max-snippet":"max-snippet:-1","max-image-preview":"max-image-preview:large","max-video-preview":"max-video-preview:-1"},"canonical":"https:\/\/ilnostrano.ch\/de\/","og_locale":"de_DE","og_type":"article","og_title":"Il Nostrano - Il Nostrano","og_description":"Milch macht stark, aber Milch alleine macht nicht gl\u00fccklich, zumal wenn es keine Alpmilch ist. Das dachte sich der Landwirt und \u00c4lpler Angelo Lombardi, als er nach dem Alpabzug im Herbst 2009 die alte Latteria, italienisch f\u00fcr Molkerei, in Airolo \u00fcbernahm. Ein neues Konzept, ein neuer Anstrich und vor allem ein reichhaltigeres Sortiment sollte her. [&hellip;]","og_url":"https:\/\/ilnostrano.ch\/de\/","og_site_name":"Il Nostrano","article_modified_time":"2023-03-06T16:09:36+00:00","og_image":[{"width":1400,"height":1377,"url":"https:\/\/ilnostrano.ch\/wp-content\/uploads\/IlNostrano_Angelo.jpg","type":"image\/jpeg"}],"twitter_card":"summary_large_image","schema":{"@context":"https:\/\/schema.org","@graph":[{"@type":"WebPage","@id":"https:\/\/ilnostrano.ch\/de\/","url":"https:\/\/ilnostrano.ch\/de\/","name":"Il Nostrano - Il Nostrano","isPartOf":{"@id":"https:\/\/ilnostrano.ch\/de\/#website"},"datePublished":"2018-11-27T10:48:31+00:00","dateModified":"2023-03-06T16:09:36+00:00","breadcrumb":{"@id":"https:\/\/ilnostrano.ch\/de\/#breadcrumb"},"inLanguage":"de","potentialAction":[{"@type":"ReadAction","target":["https:\/\/ilnostrano.ch\/de\/"]}]},{"@type":"BreadcrumbList","@id":"https:\/\/ilnostrano.ch\/de\/#breadcrumb","itemListElement":[{"@type":"ListItem","position":1,"name":"Home","item":"https:\/\/ilnostrano.ch\/de\/"},{"@type":"ListItem","position":2,"name":"Il Nostrano"}]},{"@type":"WebSite","@id":"https:\/\/ilnostrano.ch\/de\/#website","url":"https:\/\/ilnostrano.ch\/de\/","name":"Il Nostrano","description":"Produkte aus dem Tessin","publisher":{"@id":"https:\/\/ilnostrano.ch\/de\/#organization"},"potentialAction":[{"@type":"SearchAction","target":{"@type":"EntryPoint","urlTemplate":"https:\/\/ilnostrano.ch\/de\/?s={search_term_string}"},"query-input":"required name=search_term_string"}],"inLanguage":"de"},{"@type":"Organization","@id":"https:\/\/ilnostrano.ch\/de\/#organization","name":"Il Nostrano","url":"https:\/\/ilnostrano.ch\/de\/","logo":{"@type":"ImageObject","inLanguage":"de","@id":"https:\/\/ilnostrano.ch\/de\/#\/schema\/logo\/image\/","url":"https:\/\/ilnostrano.ch\/wp-content\/uploads\/Il_Nostrano_logo_n2.png","contentUrl":"https:\/\/ilnostrano.ch\/wp-content\/uploads\/Il_Nostrano_logo_n2.png","width":284,"height":198,"caption":"Il Nostrano"},"image":{"@id":"https:\/\/ilnostrano.ch\/de\/#\/schema\/logo\/image\/"}}]}},"_links":{"self":[{"href":"https:\/\/ilnostrano.ch\/de\/wp-json\/wp\/v2\/pages\/36"}],"collection":[{"href":"https:\/\/ilnostrano.ch\/de\/wp-json\/wp\/v2\/pages"}],"about":[{"href":"https:\/\/ilnostrano.ch\/de\/wp-json\/wp\/v2\/types\/page"}],"author":[{"embeddable":true,"href":"https:\/\/ilnostrano.ch\/de\/wp-json\/wp\/v2\/users\/1"}],"replies":[{"embeddable":true,"href":"https:\/\/ilnostrano.ch\/de\/wp-json\/wp\/v2\/comments?post=36"}],"version-history":[{"count":1,"href":"https:\/\/ilnostrano.ch\/de\/wp-json\/wp\/v2\/pages\/36\/revisions"}],"predecessor-version":[{"id":30497,"href":"https:\/\/ilnostrano.ch\/de\/wp-json\/wp\/v2\/pages\/36\/revisions\/30497"}],"wp:featuredmedia":[{"embeddable":true,"href":"https:\/\/ilnostrano.ch\/de\/wp-json\/wp\/v2\/media\/29614"}],"wp:attachment":[{"href":"https:\/\/ilnostrano.ch\/de\/wp-json\/wp\/v2\/media?parent=36"}],"curies":[{"name":"wp","href":"https:\/\/api.w.org\/{rel}","templated":true}]}}