{"id":29373,"date":"2018-12-04T22:33:23","date_gmt":"2018-12-04T21:33:23","guid":{"rendered":"http:\/\/frfgtsvp.preview.infomaniak.website\/impressum\/"},"modified":"2023-11-13T10:14:16","modified_gmt":"2023-11-13T09:14:16","slug":"impressum","status":"publish","type":"page","link":"https:\/\/ilnostrano.ch\/de\/impressum\/","title":{"rendered":"Impressum"},"content":{"rendered":"<p><strong>IL NOSTRANO<\/strong><br \/>\nVia San Gottardo 58<br \/>\n6780 Airolo<\/p>\n<p><strong>Gesch\u00e4ftsinhaber<\/strong><br \/>\nAngelo Lombardi<\/p>\n<p><strong>Postkonto<\/strong><br \/>\nKto-Nr. 65-131492-9<br \/>\nIBAN CH 41 0900 0000 6513 1492 9<\/p>\n<p><strong>UID<\/strong><br \/>\nCHE-115.916.641<\/p>\n<p><b>Telefon _ Fax<\/b><br \/>\n0041 (0)91\u2009869\u200913\u200932<\/p>\n<p><strong>Email<\/strong><br \/>\n<a href=\"mailto:info@ilnostrano.ch\" target=\"_blank\" rel=\"noopener\">info@ilnostrano.ch<\/a><\/p>\n<p><strong>Redaktion<\/strong><br \/>\nAnja Hendel<\/p>\n<p><strong>Graphic Design<\/strong><br \/>\n<a href=\"http:\/\/nitoha.ch\" target=\"_blank\" rel=\"noopener\">nitoha.ch<\/a><\/p>\n<p><strong>Copyright<\/strong><br \/>\nIL NOSTRANO ist der Eigent\u00fcmer und Betreiber dieser Website. Alle verwendeten Marken, Namen, Titel, Bilder, Designs, Texte und anderes Material geh\u00f6ren IL NOSTRANO oder einem seiner Gesch\u00e4ftspartner. Wer die Seiten konsultiert, herunterl\u00e4dt oder vervielf\u00e4ltigt, erwirbt keinerlei Rechte (Nutzungsrechte und Rechte am geistigen Eigentum). Das vollst\u00e4ndige oder teilweise Reproduzieren, \u00dcbermitteln (elektronisch oder mit anderen Mitteln), Modifizieren, Verkn\u00fcpfen oder Benutzen der Website f\u00fcr \u00f6ffentliche oder kommerzielle Zwecke ist ohne vorherige schriftliche Genehmigung des Eigent\u00fcmers verboten.<\/p>\n","protected":false},"excerpt":{"rendered":"<p>IL NOSTRANO Via San Gottardo 58 6780 Airolo Gesch\u00e4ftsinhaber Angelo Lombardi Postkonto Kto-Nr. 65-131492-9 IBAN CH 41 0900 0000 6513 1492 9 UID CHE-115.916.641 Telefon _ Fax 0041 (0)91\u2009869\u200913\u200932 Email info@ilnostrano.ch Redaktion Anja Hendel Graphic Design nitoha.ch Copyright IL NOSTRANO ist der Eigent\u00fcmer und Betreiber dieser Website. Alle verwendeten Marken, Namen, Titel, Bilder, Designs, Texte [&hellip;]<\/p>\n","protected":false},"author":1,"featured_media":0,"parent":0,"menu_order":0,"comment_status":"open","ping_status":"closed","template":"","meta":{"footnotes":""},"acf":[],"yoast_head":"<!-- This site is optimized with the Yoast SEO plugin v21.8 - https:\/\/yoast.com\/wordpress\/plugins\/seo\/ -->\n<title>Impressum - Il Nostrano<\/title>\n<meta name=\"robots\" content=\"noindex, follow\" \/>\n<meta property=\"og:locale\" content=\"de_DE\" \/>\n<meta property=\"og:type\" content=\"article\" \/>\n<meta property=\"og:title\" content=\"Impressum - Il Nostrano\" \/>\n<meta property=\"og:description\" content=\"IL NOSTRANO Via San Gottardo 58 6780 Airolo Gesch\u00e4ftsinhaber Angelo Lombardi Postkonto Kto-Nr. 65-131492-9 IBAN CH 41 0900 0000 6513 1492 9 UID CHE-115.916.641 Telefon _ Fax 0041 (0)91\u2009869\u200913\u200932 Email info@ilnostrano.ch Redaktion Anja Hendel Graphic Design nitoha.ch Copyright IL NOSTRANO ist der Eigent\u00fcmer und Betreiber dieser Website. Alle verwendeten Marken, Namen, Titel, Bilder, Designs, Texte [&hellip;]\" \/>\n<meta property=\"og:url\" content=\"https:\/\/ilnostrano.ch\/de\/impressum\/\" \/>\n<meta property=\"og:site_name\" content=\"Il Nostrano\" \/>\n<meta property=\"article:modified_time\" content=\"2023-11-13T09:14:16+00:00\" \/>\n<meta name=\"twitter:card\" content=\"summary_large_image\" \/>\n<meta name=\"twitter:label1\" content=\"Gesch\u00e4tzte Lesezeit\" \/>\n\t<meta name=\"twitter:data1\" content=\"1\u00a0Minute\" \/>\n<script type=\"application\/ld+json\" class=\"yoast-schema-graph\">{\"@context\":\"https:\/\/schema.org\",\"@graph\":[{\"@type\":\"WebPage\",\"@id\":\"https:\/\/ilnostrano.ch\/de\/impressum\/\",\"url\":\"https:\/\/ilnostrano.ch\/de\/impressum\/\",\"name\":\"Impressum - Il Nostrano\",\"isPartOf\":{\"@id\":\"https:\/\/ilnostrano.ch\/de\/#website\"},\"datePublished\":\"2018-12-04T21:33:23+00:00\",\"dateModified\":\"2023-11-13T09:14:16+00:00\",\"breadcrumb\":{\"@id\":\"https:\/\/ilnostrano.ch\/de\/impressum\/#breadcrumb\"},\"inLanguage\":\"de\",\"potentialAction\":[{\"@type\":\"ReadAction\",\"target\":[\"https:\/\/ilnostrano.ch\/de\/impressum\/\"]}]},{\"@type\":\"BreadcrumbList\",\"@id\":\"https:\/\/ilnostrano.ch\/de\/impressum\/#breadcrumb\",\"itemListElement\":[{\"@type\":\"ListItem\",\"position\":1,\"name\":\"Home\",\"item\":\"https:\/\/ilnostrano.ch\/de\/\"},{\"@type\":\"ListItem\",\"position\":2,\"name\":\"Impressum\"}]},{\"@type\":\"WebSite\",\"@id\":\"https:\/\/ilnostrano.ch\/de\/#website\",\"url\":\"https:\/\/ilnostrano.ch\/de\/\",\"name\":\"Il Nostrano\",\"description\":\"Produkte aus dem Tessin\",\"publisher\":{\"@id\":\"https:\/\/ilnostrano.ch\/de\/#organization\"},\"potentialAction\":[{\"@type\":\"SearchAction\",\"target\":{\"@type\":\"EntryPoint\",\"urlTemplate\":\"https:\/\/ilnostrano.ch\/de\/?s={search_term_string}\"},\"query-input\":\"required name=search_term_string\"}],\"inLanguage\":\"de\"},{\"@type\":\"Organization\",\"@id\":\"https:\/\/ilnostrano.ch\/de\/#organization\",\"name\":\"Il Nostrano\",\"url\":\"https:\/\/ilnostrano.ch\/de\/\",\"logo\":{\"@type\":\"ImageObject\",\"inLanguage\":\"de\",\"@id\":\"https:\/\/ilnostrano.ch\/de\/#\/schema\/logo\/image\/\",\"url\":\"https:\/\/ilnostrano.ch\/wp-content\/uploads\/Il_Nostrano_logo_n2.png\",\"contentUrl\":\"https:\/\/ilnostrano.ch\/wp-content\/uploads\/Il_Nostrano_logo_n2.png\",\"width\":284,\"height\":198,\"caption\":\"Il Nostrano\"},\"image\":{\"@id\":\"https:\/\/ilnostrano.ch\/de\/#\/schema\/logo\/image\/\"}}]}<\/script>\n<!-- \/ Yoast SEO plugin. -->","yoast_head_json":{"title":"Impressum - Il Nostrano","robots":{"index":"noindex","follow":"follow"},"og_locale":"de_DE","og_type":"article","og_title":"Impressum - Il Nostrano","og_description":"IL NOSTRANO Via San Gottardo 58 6780 Airolo Gesch\u00e4ftsinhaber Angelo Lombardi Postkonto Kto-Nr. 65-131492-9 IBAN CH 41 0900 0000 6513 1492 9 UID CHE-115.916.641 Telefon _ Fax 0041 (0)91\u2009869\u200913\u200932 Email info@ilnostrano.ch Redaktion Anja Hendel Graphic Design nitoha.ch Copyright IL NOSTRANO ist der Eigent\u00fcmer und Betreiber dieser Website. Alle verwendeten Marken, Namen, Titel, Bilder, Designs, Texte [&hellip;]","og_url":"https:\/\/ilnostrano.ch\/de\/impressum\/","og_site_name":"Il Nostrano","article_modified_time":"2023-11-13T09:14:16+00:00","twitter_card":"summary_large_image","twitter_misc":{"Gesch\u00e4tzte Lesezeit":"1\u00a0Minute"},"schema":{"@context":"https:\/\/schema.org","@graph":[{"@type":"WebPage","@id":"https:\/\/ilnostrano.ch\/de\/impressum\/","url":"https:\/\/ilnostrano.ch\/de\/impressum\/","name":"Impressum - Il Nostrano","isPartOf":{"@id":"https:\/\/ilnostrano.ch\/de\/#website"},"datePublished":"2018-12-04T21:33:23+00:00","dateModified":"2023-11-13T09:14:16+00:00","breadcrumb":{"@id":"https:\/\/ilnostrano.ch\/de\/impressum\/#breadcrumb"},"inLanguage":"de","potentialAction":[{"@type":"ReadAction","target":["https:\/\/ilnostrano.ch\/de\/impressum\/"]}]},{"@type":"BreadcrumbList","@id":"https:\/\/ilnostrano.ch\/de\/impressum\/#breadcrumb","itemListElement":[{"@type":"ListItem","position":1,"name":"Home","item":"https:\/\/ilnostrano.ch\/de\/"},{"@type":"ListItem","position":2,"name":"Impressum"}]},{"@type":"WebSite","@id":"https:\/\/ilnostrano.ch\/de\/#website","url":"https:\/\/ilnostrano.ch\/de\/","name":"Il Nostrano","description":"Produkte aus dem Tessin","publisher":{"@id":"https:\/\/ilnostrano.ch\/de\/#organization"},"potentialAction":[{"@type":"SearchAction","target":{"@type":"EntryPoint","urlTemplate":"https:\/\/ilnostrano.ch\/de\/?s={search_term_string}"},"query-input":"required name=search_term_string"}],"inLanguage":"de"},{"@type":"Organization","@id":"https:\/\/ilnostrano.ch\/de\/#organization","name":"Il Nostrano","url":"https:\/\/ilnostrano.ch\/de\/","logo":{"@type":"ImageObject","inLanguage":"de","@id":"https:\/\/ilnostrano.ch\/de\/#\/schema\/logo\/image\/","url":"https:\/\/ilnostrano.ch\/wp-content\/uploads\/Il_Nostrano_logo_n2.png","contentUrl":"https:\/\/ilnostrano.ch\/wp-content\/uploads\/Il_Nostrano_logo_n2.png","width":284,"height":198,"caption":"Il Nostrano"},"image":{"@id":"https:\/\/ilnostrano.ch\/de\/#\/schema\/logo\/image\/"}}]}},"_links":{"self":[{"href":"https:\/\/ilnostrano.ch\/de\/wp-json\/wp\/v2\/pages\/29373"}],"collection":[{"href":"https:\/\/ilnostrano.ch\/de\/wp-json\/wp\/v2\/pages"}],"about":[{"href":"https:\/\/ilnostrano.ch\/de\/wp-json\/wp\/v2\/types\/page"}],"author":[{"embeddable":true,"href":"https:\/\/ilnostrano.ch\/de\/wp-json\/wp\/v2\/users\/1"}],"replies":[{"embeddable":true,"href":"https:\/\/ilnostrano.ch\/de\/wp-json\/wp\/v2\/comments?post=29373"}],"version-history":[{"count":5,"href":"https:\/\/ilnostrano.ch\/de\/wp-json\/wp\/v2\/pages\/29373\/revisions"}],"predecessor-version":[{"id":30585,"href":"https:\/\/ilnostrano.ch\/de\/wp-json\/wp\/v2\/pages\/29373\/revisions\/30585"}],"wp:attachment":[{"href":"https:\/\/ilnostrano.ch\/de\/wp-json\/wp\/v2\/media?parent=29373"}],"curies":[{"name":"wp","href":"https:\/\/api.w.org\/{rel}","templated":true}]}}