{"id":29342,"date":"2012-12-06T15:52:38","date_gmt":"2012-12-06T14:52:38","guid":{"rendered":"http:\/\/frfgtsvp.preview.infomaniak.website\/uber-uns\/"},"modified":"2018-12-17T11:09:12","modified_gmt":"2018-12-17T10:09:12","slug":"uber-uns","status":"publish","type":"page","link":"https:\/\/ilnostrano.ch\/de\/uber-uns\/","title":{"rendered":"\u00dcber uns"},"content":{"rendered":"<p>Milch macht stark, aber Milch alleine macht nicht gl\u00fccklich, zumal wenn es keine Alpmilch ist! Das dachte sich der Landwirt und \u00c4lpler Angelo Lombardi, als er nach dem Alpabzug im Herbst 2009 die alte Latteria, italienisch f\u00fcr Molkerei, in Airolo \u00fcbernahm. Ein neues Konzept, ein neuer Anstrich und vor allem ein reichhaltigeres Sortiment sollte her: Regionale Produkte, wie Lonza, Lendenschinken und Salametti, kleine Salami und feinste Zutaten aus der italienisch-gepr\u00e4gten Tessiner K\u00fcche, wie Polenta und Risottoreis stehen nun in den neu gezimmerten Regalen. Was blieb ist die Frau hinter der Theke, Monica, ein Herz von einer Seele und die treue Kundschaft!<\/p>\n<p>Was die alte und neue Kundschaft liebt ist die gute Auswahl an Alpk\u00e4sen und Affetato\u00a0(Aufschnitt)\u00a0\u2013 wie Carne secca (Trockenfleisch),\u00a0Prosciutto crudo (Rohschinken) und Pancetta\u00a0(Speck)\u00a0\u2013 und nicht zu vergessen: Das Schw\u00e4tzchen vorm Tresen, dass immer mit einem freundlichen, umgangssprachlichen \u201dBun di, come stai \u2013 Guten Tag, wie gehts?\u201c eingeleitet wird.<\/p>\n<p><a title=\"Wo finden Sie uns?\" href=\"https:\/\/ilnostrano.ch\/de\/kontakt\">Wo Sie uns finden &gt;<\/a><\/p>\n","protected":false},"excerpt":{"rendered":"<p>Milch macht stark, aber Milch alleine macht nicht gl\u00fccklich, zumal wenn es keine Alpmilch ist! Das dachte sich der Landwirt und \u00c4lpler Angelo Lombardi, als er nach dem Alpabzug im Herbst 2009 die alte Latteria, italienisch f\u00fcr Molkerei, in Airolo \u00fcbernahm. Ein neues Konzept, ein neuer Anstrich und vor allem ein reichhaltigeres Sortiment sollte her: [&hellip;]<\/p>\n","protected":false},"author":1,"featured_media":29336,"parent":0,"menu_order":0,"comment_status":"open","ping_status":"open","template":"","meta":{"footnotes":""},"acf":[],"yoast_head":"<!-- This site is optimized with the Yoast SEO plugin v21.8 - https:\/\/yoast.com\/wordpress\/plugins\/seo\/ -->\n<title>\u00dcber uns - Il Nostrano, Airolo<\/title>\n<meta name=\"description\" content=\"Il Nostrano ist ein Laden f\u00fcr Tessiner Produkte (Salami, Salami, Lende und K\u00e4se, etc.)\" \/>\n<meta name=\"robots\" content=\"index, follow, max-snippet:-1, max-image-preview:large, max-video-preview:-1\" \/>\n<link rel=\"canonical\" href=\"https:\/\/ilnostrano.ch\/de\/uber-uns\/\" \/>\n<meta property=\"og:locale\" content=\"de_DE\" \/>\n<meta property=\"og:type\" content=\"article\" \/>\n<meta property=\"og:title\" content=\"\u00dcber uns - Il Nostrano, Airolo\" \/>\n<meta property=\"og:description\" content=\"Il Nostrano ist ein Laden f\u00fcr Tessiner Produkte (Salami, Salami, Lende und K\u00e4se, etc.)\" \/>\n<meta property=\"og:url\" content=\"https:\/\/ilnostrano.ch\/de\/uber-uns\/\" \/>\n<meta property=\"og:site_name\" content=\"Il Nostrano\" \/>\n<meta property=\"article:modified_time\" content=\"2018-12-17T10:09:12+00:00\" \/>\n<meta property=\"og:image\" content=\"https:\/\/ilnostrano.ch\/wp-content\/uploads\/131.jpg\" \/>\n\t<meta property=\"og:image:width\" content=\"1913\" \/>\n\t<meta property=\"og:image:height\" content=\"1405\" \/>\n\t<meta property=\"og:image:type\" content=\"image\/jpeg\" \/>\n<meta name=\"twitter:card\" content=\"summary_large_image\" \/>\n<meta name=\"twitter:label1\" content=\"Gesch\u00e4tzte Lesezeit\" \/>\n\t<meta name=\"twitter:data1\" content=\"1\u00a0Minute\" \/>\n<script type=\"application\/ld+json\" class=\"yoast-schema-graph\">{\"@context\":\"https:\/\/schema.org\",\"@graph\":[{\"@type\":\"WebPage\",\"@id\":\"https:\/\/ilnostrano.ch\/de\/uber-uns\/\",\"url\":\"https:\/\/ilnostrano.ch\/de\/uber-uns\/\",\"name\":\"\u00dcber uns - Il Nostrano, Airolo\",\"isPartOf\":{\"@id\":\"https:\/\/ilnostrano.ch\/de\/#website\"},\"datePublished\":\"2012-12-06T14:52:38+00:00\",\"dateModified\":\"2018-12-17T10:09:12+00:00\",\"description\":\"Il Nostrano ist ein Laden f\u00fcr Tessiner Produkte (Salami, Salami, Lende und K\u00e4se, etc.)\",\"breadcrumb\":{\"@id\":\"https:\/\/ilnostrano.ch\/de\/uber-uns\/#breadcrumb\"},\"inLanguage\":\"de\",\"potentialAction\":[{\"@type\":\"ReadAction\",\"target\":[\"https:\/\/ilnostrano.ch\/de\/uber-uns\/\"]}]},{\"@type\":\"BreadcrumbList\",\"@id\":\"https:\/\/ilnostrano.ch\/de\/uber-uns\/#breadcrumb\",\"itemListElement\":[{\"@type\":\"ListItem\",\"position\":1,\"name\":\"Home\",\"item\":\"https:\/\/ilnostrano.ch\/de\/\"},{\"@type\":\"ListItem\",\"position\":2,\"name\":\"\u00dcber uns\"}]},{\"@type\":\"WebSite\",\"@id\":\"https:\/\/ilnostrano.ch\/de\/#website\",\"url\":\"https:\/\/ilnostrano.ch\/de\/\",\"name\":\"Il Nostrano\",\"description\":\"Produkte aus dem Tessin\",\"publisher\":{\"@id\":\"https:\/\/ilnostrano.ch\/de\/#organization\"},\"potentialAction\":[{\"@type\":\"SearchAction\",\"target\":{\"@type\":\"EntryPoint\",\"urlTemplate\":\"https:\/\/ilnostrano.ch\/de\/?s={search_term_string}\"},\"query-input\":\"required name=search_term_string\"}],\"inLanguage\":\"de\"},{\"@type\":\"Organization\",\"@id\":\"https:\/\/ilnostrano.ch\/de\/#organization\",\"name\":\"Il Nostrano\",\"url\":\"https:\/\/ilnostrano.ch\/de\/\",\"logo\":{\"@type\":\"ImageObject\",\"inLanguage\":\"de\",\"@id\":\"https:\/\/ilnostrano.ch\/de\/#\/schema\/logo\/image\/\",\"url\":\"https:\/\/ilnostrano.ch\/wp-content\/uploads\/Il_Nostrano_logo_n2.png\",\"contentUrl\":\"https:\/\/ilnostrano.ch\/wp-content\/uploads\/Il_Nostrano_logo_n2.png\",\"width\":284,\"height\":198,\"caption\":\"Il Nostrano\"},\"image\":{\"@id\":\"https:\/\/ilnostrano.ch\/de\/#\/schema\/logo\/image\/\"}}]}<\/script>\n<!-- \/ Yoast SEO plugin. -->","yoast_head_json":{"title":"\u00dcber uns - Il Nostrano, Airolo","description":"Il Nostrano ist ein Laden f\u00fcr Tessiner Produkte (Salami, Salami, Lende und K\u00e4se, etc.)","robots":{"index":"index","follow":"follow","max-snippet":"max-snippet:-1","max-image-preview":"max-image-preview:large","max-video-preview":"max-video-preview:-1"},"canonical":"https:\/\/ilnostrano.ch\/de\/uber-uns\/","og_locale":"de_DE","og_type":"article","og_title":"\u00dcber uns - Il Nostrano, Airolo","og_description":"Il Nostrano ist ein Laden f\u00fcr Tessiner Produkte (Salami, Salami, Lende und K\u00e4se, etc.)","og_url":"https:\/\/ilnostrano.ch\/de\/uber-uns\/","og_site_name":"Il Nostrano","article_modified_time":"2018-12-17T10:09:12+00:00","og_image":[{"width":1913,"height":1405,"url":"https:\/\/ilnostrano.ch\/wp-content\/uploads\/131.jpg","type":"image\/jpeg"}],"twitter_card":"summary_large_image","twitter_misc":{"Gesch\u00e4tzte Lesezeit":"1\u00a0Minute"},"schema":{"@context":"https:\/\/schema.org","@graph":[{"@type":"WebPage","@id":"https:\/\/ilnostrano.ch\/de\/uber-uns\/","url":"https:\/\/ilnostrano.ch\/de\/uber-uns\/","name":"\u00dcber uns - Il Nostrano, Airolo","isPartOf":{"@id":"https:\/\/ilnostrano.ch\/de\/#website"},"datePublished":"2012-12-06T14:52:38+00:00","dateModified":"2018-12-17T10:09:12+00:00","description":"Il Nostrano ist ein Laden f\u00fcr Tessiner Produkte (Salami, Salami, Lende und K\u00e4se, etc.)","breadcrumb":{"@id":"https:\/\/ilnostrano.ch\/de\/uber-uns\/#breadcrumb"},"inLanguage":"de","potentialAction":[{"@type":"ReadAction","target":["https:\/\/ilnostrano.ch\/de\/uber-uns\/"]}]},{"@type":"BreadcrumbList","@id":"https:\/\/ilnostrano.ch\/de\/uber-uns\/#breadcrumb","itemListElement":[{"@type":"ListItem","position":1,"name":"Home","item":"https:\/\/ilnostrano.ch\/de\/"},{"@type":"ListItem","position":2,"name":"\u00dcber uns"}]},{"@type":"WebSite","@id":"https:\/\/ilnostrano.ch\/de\/#website","url":"https:\/\/ilnostrano.ch\/de\/","name":"Il Nostrano","description":"Produkte aus dem Tessin","publisher":{"@id":"https:\/\/ilnostrano.ch\/de\/#organization"},"potentialAction":[{"@type":"SearchAction","target":{"@type":"EntryPoint","urlTemplate":"https:\/\/ilnostrano.ch\/de\/?s={search_term_string}"},"query-input":"required name=search_term_string"}],"inLanguage":"de"},{"@type":"Organization","@id":"https:\/\/ilnostrano.ch\/de\/#organization","name":"Il Nostrano","url":"https:\/\/ilnostrano.ch\/de\/","logo":{"@type":"ImageObject","inLanguage":"de","@id":"https:\/\/ilnostrano.ch\/de\/#\/schema\/logo\/image\/","url":"https:\/\/ilnostrano.ch\/wp-content\/uploads\/Il_Nostrano_logo_n2.png","contentUrl":"https:\/\/ilnostrano.ch\/wp-content\/uploads\/Il_Nostrano_logo_n2.png","width":284,"height":198,"caption":"Il Nostrano"},"image":{"@id":"https:\/\/ilnostrano.ch\/de\/#\/schema\/logo\/image\/"}}]}},"_links":{"self":[{"href":"https:\/\/ilnostrano.ch\/de\/wp-json\/wp\/v2\/pages\/29342"}],"collection":[{"href":"https:\/\/ilnostrano.ch\/de\/wp-json\/wp\/v2\/pages"}],"about":[{"href":"https:\/\/ilnostrano.ch\/de\/wp-json\/wp\/v2\/types\/page"}],"author":[{"embeddable":true,"href":"https:\/\/ilnostrano.ch\/de\/wp-json\/wp\/v2\/users\/1"}],"replies":[{"embeddable":true,"href":"https:\/\/ilnostrano.ch\/de\/wp-json\/wp\/v2\/comments?post=29342"}],"version-history":[{"count":0,"href":"https:\/\/ilnostrano.ch\/de\/wp-json\/wp\/v2\/pages\/29342\/revisions"}],"wp:featuredmedia":[{"embeddable":true,"href":"https:\/\/ilnostrano.ch\/de\/wp-json\/wp\/v2\/media\/29336"}],"wp:attachment":[{"href":"https:\/\/ilnostrano.ch\/de\/wp-json\/wp\/v2\/media?parent=29342"}],"curies":[{"name":"wp","href":"https:\/\/api.w.org\/{rel}","templated":true}]}}